{"id":44,"date":"2015-11-23T15:04:53","date_gmt":"2015-11-23T15:04:53","guid":{"rendered":"http:\/\/tecnoalum.cl\/?page_id=44"},"modified":"2017-11-24T18:21:57","modified_gmt":"2017-11-24T18:21:57","slug":"tecnotherm","status":"publish","type":"page","link":"https:\/\/tecnoalum.cl\/index.php\/tecnotherm\/","title":{"rendered":"Tecnotherm"},"content":{"rendered":"<p>[et_pb_section fullwidth=\u00bbon\u00bb specialty=\u00bboff\u00bb][et_pb_fullwidth_header admin_label=\u00bbFullwidth Header\u00bb title=\u00bbTECNOTHERM\u00bb subhead=\u00bbPuertas y Ventanas de Aluminio y PVC. Termopaneles\u00bb background_layout=\u00bbdark\u00bb text_orientation=\u00bbleft\u00bb header_fullscreen=\u00bboff\u00bb header_scroll_down=\u00bboff\u00bb background_url=\u00bbhttp:\/\/tecnoalum.cl\/wp-content\/uploads\/2015\/11\/headers-tecnotherm.png\u00bb parallax=\u00bboff\u00bb parallax_method=\u00bboff\u00bb content_orientation=\u00bbcenter\u00bb image_orientation=\u00bbcenter\u00bb custom_button_one=\u00bboff\u00bb button_one_letter_spacing=\u00bb0&#8243; button_one_use_icon=\u00bbdefault\u00bb button_one_icon_placement=\u00bbright\u00bb button_one_on_hover=\u00bbon\u00bb button_one_letter_spacing_hover=\u00bb0&#8243; custom_button_two=\u00bboff\u00bb button_two_letter_spacing=\u00bb0&#8243; button_two_use_icon=\u00bbdefault\u00bb button_two_icon_placement=\u00bbright\u00bb button_two_on_hover=\u00bbon\u00bb button_two_letter_spacing_hover=\u00bb0&#8243; \/][\/et_pb_section][et_pb_section fullwidth=\u00bboff\u00bb specialty=\u00bboff\u00bb][et_pb_row][et_pb_column type=\u00bb4_4&#8243;][et_pb_text admin_label=\u00bbText\u00bb background_layout=\u00bblight\u00bb text_orientation=\u00bbleft\u00bb use_border_color=\u00bboff\u00bb border_color=\u00bb#ffffff\u00bb border_style=\u00bbsolid\u00bb]<\/p>\n<p><em>TECNOTHERM es una divisi\u00f3n de Constructora y Comercial Tecnoalum Ltda. Se constituye para dar una soluci\u00f3n integral a las necesidades de carpinter\u00eda en pvc, aluminio y termopaneles para edificaci\u00f3n residenciales, comerciales e industriales. Con un personal altamente calificado para la ejecuci\u00f3n de nuestros trabajos de puertas, ventanas de aluminio, pvc, termopaneles en sus m\u00e1s variadas aperturas.<\/em><\/p>\n<p><em>Contamos con profesionales permanentes como Ingeniero en Automatizaci\u00f3n y Control Industrial, T\u00e9cnico en Mantenimiento Industrial, Ingeniero en Construcci\u00f3n con vasta experiencia, lo que nos permite dar soluciones integrales a los requerimientos de nuestros clientes.<\/em><\/p>\n<p>[\/et_pb_text][et_pb_tabs admin_label=\u00bbTabs\u00bb use_border_color=\u00bboff\u00bb border_color=\u00bb#ffffff\u00bb border_style=\u00bbsolid\u00bb][et_pb_tab title=\u00bbPol\u00edtica de Calidad\u00bb tab_font_select=\u00bbdefault\u00bb body_font_select=\u00bbdefault\u00bb]<\/p>\n<p><em>Tecnotherm, fabrica puertas, ventanas de aluminio y pvc de la m\u00e1s alta calidad, compatibles con los procesos productivos, especificaciones y normas t\u00e9cnicas requeridas por los clientes de manera de satisfacer sus necesidades. Asegurando la calidad de sus fabricaciones, con personal calificado y comprometido al proceso de mejoramiento continuo, cuidando su calidad de vida. Cumpliendo con los lineamientos auto impuestos bajo la estructura de la Norma ISO 9001:2008,\u00a0 legislaciones y regulaciones de seguridad, higiene y ambiente\u201d.<\/em><\/p>\n<p><em>De manera especial, Tecnoalum se auto impone un compromiso medio ambiental <strong>\u201cCero residuos s\u00f3lidos a los vertederos\u201d <\/strong>; reutilizando, reduciendo y reciclando.<\/em><\/p>\n<p>[\/et_pb_tab][et_pb_tab title=\u00bbMisi\u00f3n\u00bb tab_font_select=\u00bbdefault\u00bb body_font_select=\u00bbdefault\u00bb]<\/p>\n<p><em>Tecnotherm, para satisfacer las necesidades de sus clientes, tanto del sector p\u00fablico como privado, en sus procesos productivos involucrados en la fabricaci\u00f3n de \u00a0puertas, ventanas de aluminio y pvc; asegura la calidad de sus fabricaciones, con personal calificado y comprometido con las buenas pr\u00e1cticas en sus procesos, cuidando su calidad de vida. Cumpliendo con los lineamientos de la Norma ISO 9001:2008 ; legislaciones y regulaciones de seguridad, higiene.<\/em><\/p>\n<p><em>\u00a0<\/em><\/p>\n<p>[\/et_pb_tab][et_pb_tab title=\u00bbVisi\u00f3n\u00bb tab_font_select=\u00bbdefault\u00bb body_font_select=\u00bbdefault\u00bb]<\/p>\n<p><em>Tecnotherm se constituir\u00e1 en una empresa L\u00edder; fabricante de puertas, ventanas de aluminio y pvc, competitiva en calidad y servicio, invirtiendo en innovaci\u00f3n permanentemente en sus procesos, garantizando la satisfacci\u00f3n de sus clientes<\/em><\/p>\n<p>[\/et_pb_tab][et_pb_tab title=\u00bbObjetivos de Calidad\u00bb tab_font_select=\u00bbdefault\u00bb body_font_select=\u00bbdefault\u00bb]<\/p>\n<ul>\n<li><em>Asegurar que los productos suministrados a nuestros clientes sean de mejor est\u00e1ndar y que satisfagan sus necesidades en todo sentido.<\/em><\/li>\n<li><em>Asegurar que las especificaciones y requerimientos que exigen nuestros clientes sean siempre satisfechas, tanto en t\u00e9rmino de productos como en servicios.<\/em><\/li>\n<li><em>Tanto empleados como el personal de n\u00f3mina mensual y diaria est\u00e1n conscientes del compromiso de Calidad y dedican esfuerzos\u00a0 para que Tecnotherm sea contemplada como una empresa que ofrece el m\u00e1ximo nivel de calidad a sus clientes.<\/em><\/li>\n<\/ul>\n<p>[\/et_pb_tab][\/et_pb_tabs][\/et_pb_column][\/et_pb_row][et_pb_row][et_pb_column type=\u00bb1_3&#8243;][et_pb_image admin_label=\u00bbImagen\u00bb src=\u00bbhttp:\/\/tecnoalum.cl\/wp-content\/uploads\/2017\/05\/20161205_143450.jpg\u00bb show_in_lightbox=\u00bboff\u00bb url_new_window=\u00bboff\u00bb animation=\u00bbleft\u00bb sticky=\u00bboff\u00bb align=\u00bbleft\u00bb force_fullwidth=\u00bboff\u00bb always_center_on_mobile=\u00bbon\u00bb use_border_color=\u00bboff\u00bb border_color=\u00bb#ffffff\u00bb border_style=\u00bbsolid\u00bb \/][\/et_pb_column][et_pb_column type=\u00bb1_3&#8243;][et_pb_image admin_label=\u00bbImagen\u00bb src=\u00bbhttp:\/\/tecnoalum.cl\/wp-content\/uploads\/2017\/05\/2015-10-16-19.06.49.jpg\u00bb show_in_lightbox=\u00bboff\u00bb url_new_window=\u00bboff\u00bb animation=\u00bbleft\u00bb sticky=\u00bboff\u00bb align=\u00bbleft\u00bb force_fullwidth=\u00bboff\u00bb always_center_on_mobile=\u00bbon\u00bb use_border_color=\u00bboff\u00bb border_color=\u00bb#ffffff\u00bb border_style=\u00bbsolid\u00bb \/][\/et_pb_column][et_pb_column type=\u00bb1_3&#8243;][et_pb_image admin_label=\u00bbImagen\u00bb src=\u00bbhttp:\/\/tecnoalum.cl\/wp-content\/uploads\/2015\/11\/DSC_2893.jpg\u00bb show_in_lightbox=\u00bboff\u00bb url_new_window=\u00bboff\u00bb animation=\u00bbleft\u00bb sticky=\u00bboff\u00bb align=\u00bbleft\u00bb force_fullwidth=\u00bboff\u00bb always_center_on_mobile=\u00bbon\u00bb use_border_color=\u00bboff\u00bb border_color=\u00bb#ffffff\u00bb border_style=\u00bbsolid\u00bb \/][\/et_pb_column][\/et_pb_row][et_pb_row][et_pb_column type=\u00bb1_3&#8243;][et_pb_image admin_label=\u00bbImagen\u00bb src=\u00bbhttp:\/\/tecnoalum.cl\/wp-content\/uploads\/2015\/11\/20161028_170001.jpg\u00bb show_in_lightbox=\u00bboff\u00bb url_new_window=\u00bboff\u00bb animation=\u00bbleft\u00bb sticky=\u00bboff\u00bb align=\u00bbleft\u00bb force_fullwidth=\u00bboff\u00bb always_center_on_mobile=\u00bbon\u00bb use_border_color=\u00bboff\u00bb border_color=\u00bb#ffffff\u00bb border_style=\u00bbsolid\u00bb \/][\/et_pb_column][et_pb_column type=\u00bb1_3&#8243;][et_pb_image admin_label=\u00bbImagen\u00bb src=\u00bbhttp:\/\/tecnoalum.cl\/wp-content\/uploads\/2015\/11\/20170821_134523.jpg\u00bb show_in_lightbox=\u00bboff\u00bb url_new_window=\u00bboff\u00bb animation=\u00bbleft\u00bb sticky=\u00bboff\u00bb align=\u00bbleft\u00bb force_fullwidth=\u00bboff\u00bb always_center_on_mobile=\u00bbon\u00bb use_border_color=\u00bboff\u00bb border_color=\u00bb#ffffff\u00bb border_style=\u00bbsolid\u00bb \/][\/et_pb_column][et_pb_column type=\u00bb1_3&#8243;][et_pb_image admin_label=\u00bbImagen\u00bb src=\u00bbhttp:\/\/tecnoalum.cl\/wp-content\/uploads\/2015\/11\/2014-08-25-13.33.18.jpg\u00bb show_in_lightbox=\u00bboff\u00bb url_new_window=\u00bboff\u00bb animation=\u00bbleft\u00bb sticky=\u00bboff\u00bb align=\u00bbleft\u00bb force_fullwidth=\u00bboff\u00bb always_center_on_mobile=\u00bbon\u00bb use_border_color=\u00bboff\u00bb border_color=\u00bb#ffffff\u00bb border_style=\u00bbsolid\u00bb \/][\/et_pb_column][\/et_pb_row][\/et_pb_section]<\/p>\n","protected":false},"excerpt":{"rendered":"<p>[et_pb_section fullwidth=\u00bbon\u00bb specialty=\u00bboff\u00bb][et_pb_fullwidth_header admin_label=\u00bbFullwidth Header\u00bb title=\u00bbTECNOTHERM\u00bb subhead=\u00bbPuertas y Ventanas de Aluminio y PVC. Termopaneles\u00bb background_layout=\u00bbdark\u00bb text_orientation=\u00bbleft\u00bb header_fullscreen=\u00bboff\u00bb header_scroll_down=\u00bboff\u00bb background_url=\u00bbhttp:\/\/tecnoalum.cl\/wp-content\/uploads\/2015\/11\/headers-tecnotherm.png\u00bb parallax=\u00bboff\u00bb parallax_method=\u00bboff\u00bb content_orientation=\u00bbcenter\u00bb image_orientation=\u00bbcenter\u00bb custom_button_one=\u00bboff\u00bb button_one_letter_spacing=\u00bb0&#8243; button_one_use_icon=\u00bbdefault\u00bb button_one_icon_placement=\u00bbright\u00bb button_one_on_hover=\u00bbon\u00bb button_one_letter_spacing_hover=\u00bb0&#8243; custom_button_two=\u00bboff\u00bb button_two_letter_spacing=\u00bb0&#8243; button_two_use_icon=\u00bbdefault\u00bb button_two_icon_placement=\u00bbright\u00bb button_two_on_hover=\u00bbon\u00bb button_two_letter_spacing_hover=\u00bb0&#8243; \/][\/et_pb_section][et_pb_section fullwidth=\u00bboff\u00bb specialty=\u00bboff\u00bb][et_pb_row][et_pb_column type=\u00bb4_4&#8243;][et_pb_text admin_label=\u00bbText\u00bb background_layout=\u00bblight\u00bb text_orientation=\u00bbleft\u00bb use_border_color=\u00bboff\u00bb border_color=\u00bb#ffffff\u00bb border_style=\u00bbsolid\u00bb] TECNOTHERM es una divisi\u00f3n de Constructora y Comercial Tecnoalum Ltda. [&hellip;]<\/p>\n","protected":false},"author":1,"featured_media":0,"parent":0,"menu_order":0,"comment_status":"closed","ping_status":"closed","template":"","meta":[],"_links":{"self":[{"href":"https:\/\/tecnoalum.cl\/index.php\/wp-json\/wp\/v2\/pages\/44"}],"collection":[{"href":"https:\/\/tecnoalum.cl\/index.php\/wp-json\/wp\/v2\/pages"}],"about":[{"href":"https:\/\/tecnoalum.cl\/index.php\/wp-json\/wp\/v2\/types\/page"}],"author":[{"embeddable":true,"href":"https:\/\/tecnoalum.cl\/index.php\/wp-json\/wp\/v2\/users\/1"}],"replies":[{"embeddable":true,"href":"https:\/\/tecnoalum.cl\/index.php\/wp-json\/wp\/v2\/comments?post=44"}],"version-history":[{"count":12,"href":"https:\/\/tecnoalum.cl\/index.php\/wp-json\/wp\/v2\/pages\/44\/revisions"}],"predecessor-version":[{"id":253,"href":"https:\/\/tecnoalum.cl\/index.php\/wp-json\/wp\/v2\/pages\/44\/revisions\/253"}],"wp:attachment":[{"href":"https:\/\/tecnoalum.cl\/index.php\/wp-json\/wp\/v2\/media?parent=44"}],"curies":[{"name":"wp","href":"https:\/\/api.w.org\/{rel}","templated":true}]}}